{"id":35,"date":"2017-10-22T10:52:45","date_gmt":"2017-10-22T10:52:45","guid":{"rendered":"http:\/\/haarwerk-lank.de\/?page_id=35"},"modified":"2018-10-28T13:47:59","modified_gmt":"2018-10-28T13:47:59","slug":"anfahrt","status":"publish","type":"page","link":"https:\/\/haarwerk-lank.de\/?page_id=35","title":{"rendered":"ANFAHRT"},"content":{"rendered":"<p>So finden Sie uns:<\/p>\n<p><iframe loading=\"lazy\" style=\"border: 0;\" src=\"https:\/\/www.google.com\/maps\/embed?pb=!1m14!1m8!1m3!1d1247.2492621841316!2d6.68086559991528!3d51.301951933982934!3m2!1i1024!2i768!4f13.1!3m3!1m2!1s0x0%3A0x1f12dff081aab6e0!2sHaarwerk+Monika+Lenz!5e0!3m2!1sde!2sde!4v1508670563871\" width=\"600\" height=\"450\" frameborder=\"0\" allowfullscreen=\"allowfullscreen\"><\/iframe><\/p>\n<p>Parkm\u00f6glichkeiten:<\/p>\n<p>Leider ist es nicht m\u00f6glich auf der Hauptstra\u00dfe vor dem Haarwerk zu parken, jedoch sind ausreichende \u00f6ffentliche Parkm\u00f6glichkeiten in der Umgebung vorhanden. Folgen Sie dem zentralen Parksystem und der Beschilderung \u201eP3\u201c. Von hier aus ist das Haarwerk fu\u00dfl\u00e4ufig erreichbar.<\/p>\n","protected":false},"excerpt":{"rendered":"<p>So finden Sie uns: Parkm\u00f6glichkeiten: Leider ist es nicht m\u00f6glich auf der Hauptstra\u00dfe vor dem Haarwerk zu parken, jedoch sind ausreichende \u00f6ffentliche Parkm\u00f6glichkeiten in der Umgebung vorhanden. Folgen Sie dem zentralen Parksystem und der Beschilderung \u201eP3\u201c. Von hier aus ist das Haarwerk fu\u00dfl\u00e4ufig erreichbar.<\/p>\n","protected":false},"author":1,"featured_media":0,"parent":30,"menu_order":0,"comment_status":"closed","ping_status":"closed","template":"","meta":{"footnotes":""},"class_list":["post-35","page","type-page","status-publish","hentry"],"_links":{"self":[{"href":"https:\/\/haarwerk-lank.de\/index.php?rest_route=\/wp\/v2\/pages\/35","targetHints":{"allow":["GET"]}}],"collection":[{"href":"https:\/\/haarwerk-lank.de\/index.php?rest_route=\/wp\/v2\/pages"}],"about":[{"href":"https:\/\/haarwerk-lank.de\/index.php?rest_route=\/wp\/v2\/types\/page"}],"author":[{"embeddable":true,"href":"https:\/\/haarwerk-lank.de\/index.php?rest_route=\/wp\/v2\/users\/1"}],"replies":[{"embeddable":true,"href":"https:\/\/haarwerk-lank.de\/index.php?rest_route=%2Fwp%2Fv2%2Fcomments&post=35"}],"version-history":[{"count":4,"href":"https:\/\/haarwerk-lank.de\/index.php?rest_route=\/wp\/v2\/pages\/35\/revisions"}],"predecessor-version":[{"id":275,"href":"https:\/\/haarwerk-lank.de\/index.php?rest_route=\/wp\/v2\/pages\/35\/revisions\/275"}],"up":[{"embeddable":true,"href":"https:\/\/haarwerk-lank.de\/index.php?rest_route=\/wp\/v2\/pages\/30"}],"wp:attachment":[{"href":"https:\/\/haarwerk-lank.de\/index.php?rest_route=%2Fwp%2Fv2%2Fmedia&parent=35"}],"curies":[{"name":"wp","href":"https:\/\/api.w.org\/{rel}","templated":true}]}}