{"id":26,"date":"2017-10-22T10:41:23","date_gmt":"2017-10-22T10:41:23","guid":{"rendered":"http:\/\/haarwerk-lank.de\/?page_id=26"},"modified":"2019-01-22T15:27:57","modified_gmt":"2019-01-22T15:27:57","slug":"calligraphy-cut","status":"publish","type":"page","link":"https:\/\/haarwerk-lank.de\/?page_id=26","title":{"rendered":"CALLIGRAPHY CUT"},"content":{"rendered":"<p>DENN FRAUEN HABEN FEINE HAARE -CALLIGRAPHY CUT IST DIE L\u00d6SUNG<\/p>\n<p>Mit dem Calligraphen in der geschulten Hand des K\u00f6nners werden Kundenw\u00fcnsche Realit\u00e4t by Calligraphy Cut. Haarwerk Monika Lenz bietet jetzt diese neue Art des Haare schneiden. Im Umkreis Meerbusch sind wir der zertifizierte Friseur.<br \/>\nVoraussetzungen, die der Friseur, der die Calligraphy Cut-Methode beherrscht, in Vollendung erf\u00fcllt: Feinem Haar Form geben, Frisuren gestalten, Kunden begeistern und damit erfolgreich als Friseur sein, ist das Ziel der revolution\u00e4ren Haarschneide-Methode entwickelt von Frank Brorman.<\/p>\n<p><img loading=\"lazy\" decoding=\"async\" class=\"alignnone size-medium wp-image-39\" src=\"http:\/\/haarwerk-lank.de\/wp-content\/uploads\/2017\/10\/Download-300x114.jpg\" alt=\"\" width=\"300\" height=\"114\" srcset=\"https:\/\/haarwerk-lank.de\/wp-content\/uploads\/2017\/10\/Download-300x114.jpg 300w, https:\/\/haarwerk-lank.de\/wp-content\/uploads\/2017\/10\/Download-768x293.jpg 768w, https:\/\/haarwerk-lank.de\/wp-content\/uploads\/2017\/10\/Download.jpg 1000w\" sizes=\"auto, (max-width: 300px) 100vw, 300px\" \/><\/p>\n<p>DAS INNOVATIVE SCHNITTKONZEPT<\/p>\n<p>Im Calligraphy Cut vereinen sich handwerkliche Sorgfalt, kreative Leidenschaft und technische Innovation. Hierf\u00fcr hat Frank Brormann mit dem Calligraphen ein spezielles Schneide-Tool entwickelt. Sein vision\u00e4res Konzept ist patentiert und die einzigartige Anwendungstechnik beherrscht weltweit nur eine erlesene Auswahl an intensiv geschulten Experten. Der Schnitt mit dem Calligraphen gibt feinem Haar Volumen, Elastizit\u00e4t und Flexibilit\u00e4t; das Haar l\u00e4sst sich einfach stylen&nbsp; daf\u00fcr steht der Calligraphy Cut<br \/>\nDas Konzept des Calligraphy Cut wird kontinuierlich optimiert und ausgebaut. Wir unterst\u00fctzen unsere Partner wie Frau Lenz sowohl in der fachlichen Weiterentwicklung als auch in der Vermarktung.Die intensive Verbraucherpresse schafft \u00fcberregionale Bekanntheit, welche \u00fcber gezielte Aktionen in die Salons getragen wird. J\u00e4hrliche Kollektionsshootings sorgen f\u00fcr trendige Beautys und unsere Seminare stellen sicher, dass die angesagtesten Looks in Ihrem Salon umgesetzt werden k\u00f6nnen. Sie haben Interesse und m\u00f6chten gerne mehr erfahren, dann wenden Sie sich vertrauensvoll an Haarwerk Monika Lenz.<\/p>\n<p><iframe loading=\"lazy\" width=\"560\" height=\"315\" src=\"https:\/\/www.youtube.com\/embed\/Xk3BpuF9Utg\" frameborder=\"0\" allow=\"accelerometer; autoplay; encrypted-media; gyroscope; picture-in-picture\" allowfullscreen=\"\"><\/iframe><\/p>\n","protected":false},"excerpt":{"rendered":"<p>DENN FRAUEN HABEN FEINE HAARE -CALLIGRAPHY CUT IST DIE L\u00d6SUNG Mit dem Calligraphen in der geschulten Hand des K\u00f6nners werden Kundenw\u00fcnsche Realit\u00e4t by Calligraphy Cut. Haarwerk Monika Lenz bietet jetzt diese neue Art des Haare schneiden. Im Umkreis Meerbusch sind wir der zertifizierte Friseur. Voraussetzungen, die der Friseur, der die Calligraphy Cut-Methode beherrscht, in Vollendung &hellip; <\/p>\n<p class=\"link-more\"><a href=\"https:\/\/haarwerk-lank.de\/?page_id=26\" class=\"more-link\"><span class=\"screen-reader-text\">\u201eCALLIGRAPHY CUT\u201c<\/span> weiterlesen<\/a><\/p>\n","protected":false},"author":1,"featured_media":0,"parent":0,"menu_order":0,"comment_status":"closed","ping_status":"closed","template":"","meta":{"footnotes":""},"class_list":["post-26","page","type-page","status-publish","hentry"],"_links":{"self":[{"href":"https:\/\/haarwerk-lank.de\/index.php?rest_route=\/wp\/v2\/pages\/26","targetHints":{"allow":["GET"]}}],"collection":[{"href":"https:\/\/haarwerk-lank.de\/index.php?rest_route=\/wp\/v2\/pages"}],"about":[{"href":"https:\/\/haarwerk-lank.de\/index.php?rest_route=\/wp\/v2\/types\/page"}],"author":[{"embeddable":true,"href":"https:\/\/haarwerk-lank.de\/index.php?rest_route=\/wp\/v2\/users\/1"}],"replies":[{"embeddable":true,"href":"https:\/\/haarwerk-lank.de\/index.php?rest_route=%2Fwp%2Fv2%2Fcomments&post=26"}],"version-history":[{"count":6,"href":"https:\/\/haarwerk-lank.de\/index.php?rest_route=\/wp\/v2\/pages\/26\/revisions"}],"predecessor-version":[{"id":312,"href":"https:\/\/haarwerk-lank.de\/index.php?rest_route=\/wp\/v2\/pages\/26\/revisions\/312"}],"wp:attachment":[{"href":"https:\/\/haarwerk-lank.de\/index.php?rest_route=%2Fwp%2Fv2%2Fmedia&parent=26"}],"curies":[{"name":"wp","href":"https:\/\/api.w.org\/{rel}","templated":true}]}}