{"id":22,"date":"2017-10-22T10:34:22","date_gmt":"2017-10-22T10:34:22","guid":{"rendered":"http:\/\/haarwerk-lank.de\/?page_id=22"},"modified":"2017-11-01T17:11:16","modified_gmt":"2017-11-01T17:11:16","slug":"termine","status":"publish","type":"page","link":"https:\/\/haarwerk-lank.de\/?page_id=22","title":{"rendered":"TERMINE"},"content":{"rendered":"<p>Sehr geehrte Kunden, liebe Freunde des Haarwerks<\/p>\n<p>wir freuen uns sehr dar\u00fcber, dass uns so viele Kunden ihr Vertrauen schenken und unsere Arbeit wertsch\u00e4tzen. Hierdurch kann es leider vorkommen, dass es sehr schwierig ist einen kurzfristigen Termin zu bekommen. Wir bitten diesen Umstand zu entschuldigen, aber wir versuchen nat\u00fcrlich jedem unserer Kunden optimal in Schnitt und Farbe gerecht zu werden und gehen hier selbstverst\u00e4ndlich auch keine Kompromisse ein. Im Sinne der Kunden und im Sinne unseres Selbstverst\u00e4ndnisses f\u00fcr unsere Arbeit und unseren Beruf.<\/p>\n<p>Deshalb unsere Bitte! Vereinbaren Sie rechtzeitig einen Termin. Planen Sie hier eventuell Vorlaufzeit ein und vereinbaren Sie am besten direkt ein Folgetermin. Diese Planung macht Ihren Friseurtermin bei uns im Haarwerk f\u00fcr Sie und uns, zu einem entspannten Erlebnis.<\/p>\n<p>Wir freuen uns auf Sie und bedanken uns f\u00fcr Ihr Verst\u00e4ndnis.<\/p>\n<p>Terminvereinbarungen unter\u00a0Telefon <a href=\"tel:+4921507942214\"> (02150) 794 2214 <\/a><\/p>\n","protected":false},"excerpt":{"rendered":"<p>Sehr geehrte Kunden, liebe Freunde des Haarwerks wir freuen uns sehr dar\u00fcber, dass uns so viele Kunden ihr Vertrauen schenken und unsere Arbeit wertsch\u00e4tzen. Hierdurch kann es leider vorkommen, dass es sehr schwierig ist einen kurzfristigen Termin zu bekommen. Wir bitten diesen Umstand zu entschuldigen, aber wir versuchen nat\u00fcrlich jedem unserer Kunden optimal in Schnitt &hellip; <\/p>\n<p class=\"link-more\"><a href=\"https:\/\/haarwerk-lank.de\/?page_id=22\" class=\"more-link\"><span class=\"screen-reader-text\">\u201eTERMINE\u201c<\/span> weiterlesen<\/a><\/p>\n","protected":false},"author":1,"featured_media":0,"parent":0,"menu_order":0,"comment_status":"closed","ping_status":"closed","template":"","meta":{"footnotes":""},"class_list":["post-22","page","type-page","status-publish","hentry"],"_links":{"self":[{"href":"https:\/\/haarwerk-lank.de\/index.php?rest_route=\/wp\/v2\/pages\/22","targetHints":{"allow":["GET"]}}],"collection":[{"href":"https:\/\/haarwerk-lank.de\/index.php?rest_route=\/wp\/v2\/pages"}],"about":[{"href":"https:\/\/haarwerk-lank.de\/index.php?rest_route=\/wp\/v2\/types\/page"}],"author":[{"embeddable":true,"href":"https:\/\/haarwerk-lank.de\/index.php?rest_route=\/wp\/v2\/users\/1"}],"replies":[{"embeddable":true,"href":"https:\/\/haarwerk-lank.de\/index.php?rest_route=%2Fwp%2Fv2%2Fcomments&post=22"}],"version-history":[{"count":4,"href":"https:\/\/haarwerk-lank.de\/index.php?rest_route=\/wp\/v2\/pages\/22\/revisions"}],"predecessor-version":[{"id":144,"href":"https:\/\/haarwerk-lank.de\/index.php?rest_route=\/wp\/v2\/pages\/22\/revisions\/144"}],"wp:attachment":[{"href":"https:\/\/haarwerk-lank.de\/index.php?rest_route=%2Fwp%2Fv2%2Fmedia&parent=22"}],"curies":[{"name":"wp","href":"https:\/\/api.w.org\/{rel}","templated":true}]}}